{"id":806,"date":"2025-12-31T19:47:22","date_gmt":"2025-12-31T19:47:22","guid":{"rendered":"https:\/\/ecointegratedsolutions.com\/?page_id=806"},"modified":"2026-01-12T22:15:36","modified_gmt":"2026-01-12T22:15:36","slug":"sobre-nosotros","status":"publish","type":"page","link":"https:\/\/ecointegratedsolutions.com\/es\/sobre-nosotros\/","title":{"rendered":"Sobre Nosotros"},"content":{"rendered":"<figure class=\"wp-block-image alignwide size-large\"><img loading=\"lazy\" decoding=\"async\" width=\"1024\" height=\"316\" src=\"https:\/\/ecointegratedsolutions.com\/wp-content\/uploads\/2025\/12\/B3-04-edited-1-1024x316.jpg\" alt=\"Instalaci\u00f3n solar residencial en Costa Rica\" class=\"wp-image-704\" srcset=\"https:\/\/ecointegratedsolutions.com\/wp-content\/uploads\/2025\/12\/B3-04-edited-1-1024x316.jpg 1024w, https:\/\/ecointegratedsolutions.com\/wp-content\/uploads\/2025\/12\/B3-04-edited-1-300x92.jpg 300w, https:\/\/ecointegratedsolutions.com\/wp-content\/uploads\/2025\/12\/B3-04-edited-1-768x237.jpg 768w, https:\/\/ecointegratedsolutions.com\/wp-content\/uploads\/2025\/12\/B3-04-edited-1-18x6.jpg 18w, https:\/\/ecointegratedsolutions.com\/wp-content\/uploads\/2025\/12\/B3-04-edited-1.jpg 1535w\" sizes=\"auto, (max-width: 1024px) 100vw, 1024px\" \/><\/figure>\n\n\n\n<div class=\"wp-block-group is-layout-constrained wp-block-group-is-layout-constrained\">\n<div class=\"wp-block-group is-layout-constrained wp-container-core-group-is-layout-9b408a47 wp-block-group-is-layout-constrained\" style=\"padding-top:var(--wp--preset--spacing--40);padding-bottom:var(--wp--preset--spacing--50)\">\n<h1 class=\"wp-block-heading has-palette-color-1-color has-text-color has-link-color wp-elements-37ce4e0216099611b7787bc27ad63af0\" style=\"padding-top:var(--wp--preset--spacing--50);padding-bottom:var(--wp--preset--spacing--40)\">Acerca de Eco Integrated Solutions<\/h1>\n\n\n\n<p>Eco Integrated Solutions es una empresa energ\u00e9tica con sede en Costa Rica, enfocada en dise\u00f1ar y ofrecer sistemas confiables, construidos para un rendimiento a largo plazo. Nuestro trabajo se basa en ingenier\u00eda disciplinada, experiencia pr\u00e1ctica en campo y un compromiso con hacer las cosas de la manera correcta.<\/p>\n\n\n\n<p style=\"padding-bottom:var(--wp--preset--spacing--40)\">Trabajamos con propietarios de viviendas y empresas que valoran la seguridad, la calidad y la claridad \u2014 y que consideran los sistemas energ\u00e9ticos como infraestructura a largo plazo, no como instalaciones de corto plazo.<\/p>\n<\/div>\n<\/div>\n\n\n\n<div class=\"wp-block-group is-layout-constrained wp-block-group-is-layout-constrained\">\n<div class=\"wp-block-group is-layout-constrained wp-container-core-group-is-layout-bea02a06 wp-block-group-is-layout-constrained\">\n<div class=\"wp-block-columns is-layout-flex wp-container-core-columns-is-layout-28f84493 wp-block-columns-is-layout-flex\">\n<div class=\"wp-block-column is-layout-flow wp-block-column-is-layout-flow\">\n<h2 class=\"wp-block-heading\" style=\"padding-top:0rem;padding-bottom:var(--wp--preset--spacing--40)\">Experiencia en la que puede confiar<\/h2>\n\n\n\n<p>Hemos trabajado con sistemas el\u00e9ctricos y energ\u00e9ticos mucho antes de que la energ\u00eda solar se convirtiera en una tendencia. Nuestra experiencia abarca la infraestructura el\u00e9ctrica tradicional, el dise\u00f1o de energ\u00edas renovables y las instalaciones en el mundo real, no solo la teor\u00eda acad\u00e9mica o la capacitaci\u00f3n en ventas.<\/p>\n\n\n\n<p>Ese trasfondo es importante. Es lo que nos permite dise\u00f1ar sistemas pr\u00e1cticos, conformes a los c\u00f3digos aplicables y f\u00e1ciles de mantener, incluso en entornos complejos o no est\u00e1ndar.<\/p>\n\n\n\n<p style=\"padding-bottom:0\">En una industria donde muchas empresas aparecen de la noche a la ma\u00f1ana, creemos que la experiencia debe demostrarse a trav\u00e9s de la calidad, la consistencia y la longevidad de los sistemas que construimos, y no solo mediante afirmaciones de experiencia.<\/p>\n\n\n\n<p style=\"padding-bottom:var(--wp--preset--spacing--60)\"><strong>Nuestro enfoque siempre ha sido hacer el trabajo correctamente, incluso cuando nadie est\u00e1 observando.<\/strong><\/p>\n<\/div>\n\n\n\n<div class=\"wp-block-column is-layout-flow wp-block-column-is-layout-flow\">\n<figure class=\"wp-block-image size-large has-custom-border\"><img loading=\"lazy\" decoding=\"async\" width=\"573\" height=\"1024\" src=\"https:\/\/ecointegratedsolutions.com\/wp-content\/uploads\/2025\/12\/B3-03-cropped-573x1024.png\" alt=\"Sistema de almacenamiento de energ\u00eda con bater\u00edas Sigenergy\" class=\"wp-image-599\" style=\"border-top-left-radius:12px;border-top-right-radius:12px;border-bottom-left-radius:12px;border-bottom-right-radius:12px\" srcset=\"https:\/\/ecointegratedsolutions.com\/wp-content\/uploads\/2025\/12\/B3-03-cropped-573x1024.png 573w, https:\/\/ecointegratedsolutions.com\/wp-content\/uploads\/2025\/12\/B3-03-cropped-168x300.png 168w, https:\/\/ecointegratedsolutions.com\/wp-content\/uploads\/2025\/12\/B3-03-cropped-768x1374.png 768w, https:\/\/ecointegratedsolutions.com\/wp-content\/uploads\/2025\/12\/B3-03-cropped-859x1536.png 859w, https:\/\/ecointegratedsolutions.com\/wp-content\/uploads\/2025\/12\/B3-03-cropped-7x12.png 7w, https:\/\/ecointegratedsolutions.com\/wp-content\/uploads\/2025\/12\/B3-03-cropped.png 936w\" sizes=\"auto, (max-width: 573px) 100vw, 573px\" \/><\/figure>\n<\/div>\n<\/div>\n<\/div>\n<\/div>\n\n\n\n<div class=\"wp-block-group is-layout-constrained wp-block-group-is-layout-constrained\">\n<div class=\"wp-block-group is-layout-constrained wp-container-core-group-is-layout-bea02a06 wp-block-group-is-layout-constrained\">\n<h2 class=\"wp-block-heading\" style=\"padding-top:2rem;padding-bottom:var(--wp--preset--spacing--40)\"><strong>Equipos de Calidad, Seleccionados con Criterio<\/strong><\/h2>\n\n\n\n<p style=\"padding-bottom:0\">Los sistemas energ\u00e9ticos son tan confiables como los componentes que los conforman. Por eso trabajamos con una amplia gama de tecnolog\u00edas y arquitecturas de sistemas comprobadas, seleccionando los equipos en funci\u00f3n de su rendimiento, confiabilidad, compatibilidad y capacidad de servicio a largo plazo.<\/p>\n\n\n\n<p>Nuestro equipo cuenta con experiencia en el dise\u00f1o e instalaci\u00f3n de sistemas de m\u00faltiples fabricantes y configuraciones, lo que nos permite recomendar soluciones que se adapten mejor a cada sitio, aplicaci\u00f3n y objetivo energ\u00e9tico \u2014 en lugar de imponer un enfoque \u00fanico para todos los casos.<\/p>\n\n\n\n<p style=\"padding-bottom:0\">Priorizamos equipos que cumplan con est\u00e1ndares internacionales reconocidos, que funcionen de manera confiable en el clima de Costa Rica y que permitan instalaciones seguras y f\u00e1ciles de mantener a lo largo del tiempo. A medida que la tecnolog\u00eda evoluciona, evaluamos de forma intencional nuevos productos mientras continuamos brindando soporte a los sistemas ya instalados.<\/p>\n<\/div>\n<\/div>\n\n\n\n<div class=\"wp-block-group is-layout-constrained wp-block-group-is-layout-constrained\">\n<div class=\"wp-block-group is-layout-constrained wp-container-core-group-is-layout-79bd672c wp-block-group-is-layout-constrained\" style=\"padding-top:var(--wp--preset--spacing--60);padding-bottom:0\">\n<h2 class=\"wp-block-heading\" style=\"padding-top:var(--wp--preset--spacing--40);padding-bottom:var(--wp--preset--spacing--40)\">Est\u00e1ndares, seguridad y confiabilidad a largo plazo<\/h2>\n\n\n\n<p>Los sistemas el\u00e9ctricos y energ\u00e9ticos son infraestructura a largo plazo, y la forma en que se dise\u00f1an tiene un impacto directo en la seguridad, la confiabilidad y la capacidad de servicio futura. Por esa raz\u00f3n, no dise\u00f1amos \u00fanicamente bajo los requisitos m\u00ednimos locales.<\/p>\n\n\n\n<p>Nuestros sistemas se dise\u00f1an utilizando el C\u00f3digo El\u00e9ctrico Nacional de los Estados Unidos (NEC) vigente como est\u00e1ndar de referencia. Si bien las instalaciones se realizan en cumplimiento con las normativas locales, el NEC proporciona un marco m\u00e1s completo para el dise\u00f1o, la protecci\u00f3n, los espacios y la seguridad a largo plazo.<\/p>\n\n\n\n<p>Dise\u00f1ar bajo est\u00e1ndares m\u00e1s exigentes tambi\u00e9n ayuda a alinear las instalaciones con los requisitos de los fabricantes, lo cual es fundamental para proteger las garant\u00edas de los equipos y asegurar que los sistemas funcionen seg\u00fan lo previsto a lo largo del tiempo.<\/p>\n<\/div>\n<\/div>\n\n\n\n<div class=\"wp-block-group is-layout-constrained wp-block-group-is-layout-constrained\" style=\"margin-top:-10px;padding-top:var(--wp--preset--spacing--50);padding-bottom:0\">\n<div class=\"wp-block-group is-layout-constrained wp-container-core-group-is-layout-79bd672c wp-block-group-is-layout-constrained\" style=\"padding-top:var(--wp--preset--spacing--60);padding-bottom:0\">\n<div class=\"wp-block-columns is-layout-flex wp-container-core-columns-is-layout-e79a657b wp-block-columns-is-layout-flex\" style=\"padding-top:0\">\n<div class=\"wp-block-column is-vertically-aligned-top is-layout-flow wp-block-column-is-layout-flow\" style=\"padding-top:var(--wp--preset--spacing--60);padding-bottom:var(--wp--preset--spacing--40)\">\n<figure class=\"wp-block-image aligncenter size-full\" style=\"margin-top:var(--wp--preset--spacing--30)\"><img loading=\"lazy\" decoding=\"async\" width=\"1096\" height=\"868\" src=\"https:\/\/ecointegratedsolutions.com\/wp-content\/uploads\/2025\/12\/B3-02.png\" alt=\"Componentes de un sistema de energ\u00eda solar\" class=\"wp-image-685\" srcset=\"https:\/\/ecointegratedsolutions.com\/wp-content\/uploads\/2025\/12\/B3-02.png 1096w, https:\/\/ecointegratedsolutions.com\/wp-content\/uploads\/2025\/12\/B3-02-300x238.png 300w, https:\/\/ecointegratedsolutions.com\/wp-content\/uploads\/2025\/12\/B3-02-1024x811.png 1024w, https:\/\/ecointegratedsolutions.com\/wp-content\/uploads\/2025\/12\/B3-02-768x608.png 768w, https:\/\/ecointegratedsolutions.com\/wp-content\/uploads\/2025\/12\/B3-02-15x12.png 15w\" sizes=\"auto, (max-width: 1096px) 100vw, 1096px\" \/><\/figure>\n<\/div>\n\n\n\n<div class=\"wp-block-column is-layout-flow wp-block-column-is-layout-flow\">\n<h2 class=\"wp-block-heading\" style=\"padding-top:0;padding-bottom:0\">Un enfoque cuidadoso y de largo plazo<\/h2>\n\n\n\n<p style=\"padding-top:var(--wp--preset--spacing--20)\">Creemos que los sistemas energ\u00e9ticos deben construirse con cuidado, claridad y responsabilidad. Esa filosof\u00eda gu\u00eda cada decisi\u00f3n que tomamos, desde las conversaciones iniciales de dise\u00f1o hasta los detalles de la instalaci\u00f3n y el soporte a largo plazo.<\/p>\n\n\n\n<p>Nuestro objetivo no es instalar la mayor cantidad de sistemas posible. Es dise\u00f1ar y construir sistemas que respaldamos con orgullo y en los que nuestros clientes puedan confiar durante muchos a\u00f1os.<\/p>\n\n\n\n<div style=\"height:45px\" aria-hidden=\"true\" class=\"wp-block-spacer\"><\/div>\n<\/div>\n<\/div>\n<\/div>\n<\/div>\n\n\n\n<div class=\"wp-block-group is-layout-constrained wp-block-group-is-layout-constrained\" style=\"margin-top:-25px;padding-bottom:var(--wp--preset--spacing--70)\">\n<div class=\"wp-block-group is-layout-constrained wp-container-core-group-is-layout-bea02a06 wp-block-group-is-layout-constrained\">\n<div class=\"wp-block-buttons is-content-justification-center is-layout-flex wp-container-core-buttons-is-layout-a89b3969 wp-block-buttons-is-layout-flex\">\n<div class=\"wp-block-button\"><a class=\"wp-block-button__link has-text-align-center wp-element-button\" href=\"\/es\/contacto\/\">Iniciar una cotizaci\u00f3n<\/a><\/div>\n<\/div>\n<\/div>\n<\/div>","protected":false},"excerpt":{"rendered":"<p>Acerca de Eco Integrated Solutions Eco Integrated Solutions es una empresa energ\u00e9tica con sede en Costa Rica, enfocada en dise\u00f1ar y ofrecer sistemas confiables, construidos para un rendimiento a largo plazo. Nuestro trabajo se basa en ingenier\u00eda disciplinada, experiencia pr\u00e1ctica en campo y un compromiso con hacer las cosas de la manera correcta. Trabajamos con [&hellip;]<\/p>","protected":false},"author":1,"featured_media":0,"parent":0,"menu_order":0,"comment_status":"closed","ping_status":"closed","template":"","meta":{"footnotes":""},"class_list":["post-806","page","type-page","status-publish","hentry"],"blocksy_meta":[],"yoast_head":"<!-- This site is optimized with the Yoast SEO plugin v26.6 - https:\/\/yoast.com\/wordpress\/plugins\/seo\/ -->\n<title>Sobre nosotros | Enfoque disciplinado en energ\u00eda \u2013 Eco Integrated Solutions<\/title>\n<meta name=\"description\" content=\"Empresa energ\u00e9tica con sede en Costa Rica, enfocada en sistemas confiables y bien dise\u00f1ados, respaldados por ingenier\u00eda disciplinada y experiencia pr\u00e1ctica en campo.\" \/>\n<meta name=\"robots\" content=\"index, follow, max-snippet:-1, max-image-preview:large, max-video-preview:-1\" \/>\n<link rel=\"canonical\" href=\"https:\/\/ecointegratedsolutions.com\/es\/sobre-nosotros\/\" \/>\n<meta property=\"og:locale\" content=\"es_ES\" \/>\n<meta property=\"og:type\" content=\"article\" \/>\n<meta property=\"og:title\" content=\"Sobre nosotros | Enfoque disciplinado en energ\u00eda \u2013 Eco Integrated Solutions\" \/>\n<meta property=\"og:description\" content=\"Empresa energ\u00e9tica con sede en Costa Rica, enfocada en sistemas confiables y bien dise\u00f1ados, respaldados por ingenier\u00eda disciplinada y experiencia pr\u00e1ctica en campo.\" \/>\n<meta property=\"og:url\" content=\"https:\/\/ecointegratedsolutions.com\/es\/sobre-nosotros\/\" \/>\n<meta property=\"og:site_name\" content=\"Eco Integrated Solutions\" \/>\n<meta property=\"article:publisher\" content=\"https:\/\/www.facebook.com\/profile.php?id=61585782723969\" \/>\n<meta property=\"article:modified_time\" content=\"2026-01-12T22:15:36+00:00\" \/>\n<meta property=\"og:image\" content=\"https:\/\/ecointegratedsolutions.com\/wp-content\/uploads\/2025\/12\/B3-04-edited-1.jpg\" \/>\n\t<meta property=\"og:image:width\" content=\"1535\" \/>\n\t<meta property=\"og:image:height\" content=\"473\" \/>\n\t<meta property=\"og:image:type\" content=\"image\/jpeg\" \/>\n<meta name=\"twitter:card\" content=\"summary_large_image\" \/>\n<meta name=\"twitter:label1\" content=\"Est. reading time\" \/>\n\t<meta name=\"twitter:data1\" content=\"4 minutos\" \/>\n<script type=\"application\/ld+json\" class=\"yoast-schema-graph\">{\"@context\":\"https:\/\/schema.org\",\"@graph\":[{\"@type\":\"WebPage\",\"@id\":\"https:\/\/ecointegratedsolutions.com\/es\/sobre-nosotros\/\",\"url\":\"https:\/\/ecointegratedsolutions.com\/es\/sobre-nosotros\/\",\"name\":\"Sobre nosotros | Enfoque disciplinado en energ\u00eda \u2013 Eco Integrated Solutions\",\"isPartOf\":{\"@id\":\"https:\/\/ecointegratedsolutions.com\/es\/#website\"},\"primaryImageOfPage\":{\"@id\":\"https:\/\/ecointegratedsolutions.com\/es\/sobre-nosotros\/#primaryimage\"},\"image\":{\"@id\":\"https:\/\/ecointegratedsolutions.com\/es\/sobre-nosotros\/#primaryimage\"},\"thumbnailUrl\":\"https:\/\/ecointegratedsolutions.com\/wp-content\/uploads\/2025\/12\/B3-04-edited-1-1024x316.jpg\",\"datePublished\":\"2025-12-31T19:47:22+00:00\",\"dateModified\":\"2026-01-12T22:15:36+00:00\",\"description\":\"Empresa energ\u00e9tica con sede en Costa Rica, enfocada en sistemas confiables y bien dise\u00f1ados, respaldados por ingenier\u00eda disciplinada y experiencia pr\u00e1ctica en campo.\",\"breadcrumb\":{\"@id\":\"https:\/\/ecointegratedsolutions.com\/es\/sobre-nosotros\/#breadcrumb\"},\"inLanguage\":\"es-CR\",\"potentialAction\":[{\"@type\":\"ReadAction\",\"target\":[\"https:\/\/ecointegratedsolutions.com\/es\/sobre-nosotros\/\"]}]},{\"@type\":\"ImageObject\",\"inLanguage\":\"es-CR\",\"@id\":\"https:\/\/ecointegratedsolutions.com\/es\/sobre-nosotros\/#primaryimage\",\"url\":\"https:\/\/ecointegratedsolutions.com\/wp-content\/uploads\/2025\/12\/B3-04-edited-1-1024x316.jpg\",\"contentUrl\":\"https:\/\/ecointegratedsolutions.com\/wp-content\/uploads\/2025\/12\/B3-04-edited-1-1024x316.jpg\"},{\"@type\":\"BreadcrumbList\",\"@id\":\"https:\/\/ecointegratedsolutions.com\/es\/sobre-nosotros\/#breadcrumb\",\"itemListElement\":[{\"@type\":\"ListItem\",\"position\":1,\"name\":\"Home\",\"item\":\"https:\/\/ecointegratedsolutions.com\/es\/inicio\/\"},{\"@type\":\"ListItem\",\"position\":2,\"name\":\"Sobre Nosotros\"}]},{\"@type\":\"WebSite\",\"@id\":\"https:\/\/ecointegratedsolutions.com\/es\/#website\",\"url\":\"https:\/\/ecointegratedsolutions.com\/es\/\",\"name\":\"Eco Integrated Solutions\",\"description\":\"Solar energy solutions for homes and businesses in Costa Rica.\",\"publisher\":{\"@id\":\"https:\/\/ecointegratedsolutions.com\/es\/#organization\"},\"potentialAction\":[{\"@type\":\"SearchAction\",\"target\":{\"@type\":\"EntryPoint\",\"urlTemplate\":\"https:\/\/ecointegratedsolutions.com\/es\/?s={search_term_string}\"},\"query-input\":{\"@type\":\"PropertyValueSpecification\",\"valueRequired\":true,\"valueName\":\"search_term_string\"}}],\"inLanguage\":\"es-CR\"},{\"@type\":\"Organization\",\"@id\":\"https:\/\/ecointegratedsolutions.com\/es\/#organization\",\"name\":\"Eco Integrated Solutions\",\"url\":\"https:\/\/ecointegratedsolutions.com\/es\/\",\"logo\":{\"@type\":\"ImageObject\",\"inLanguage\":\"es-CR\",\"@id\":\"https:\/\/ecointegratedsolutions.com\/es\/#\/schema\/logo\/image\/\",\"url\":\"https:\/\/ecointegratedsolutions.com\/wp-content\/uploads\/2025\/12\/Horizontal-Color-1.png\",\"contentUrl\":\"https:\/\/ecointegratedsolutions.com\/wp-content\/uploads\/2025\/12\/Horizontal-Color-1.png\",\"width\":500,\"height\":500,\"caption\":\"Eco Integrated Solutions\"},\"image\":{\"@id\":\"https:\/\/ecointegratedsolutions.com\/es\/#\/schema\/logo\/image\/\"},\"sameAs\":[\"https:\/\/www.facebook.com\/profile.php?id=61585782723969\"]}]}<\/script>\n<!-- \/ Yoast SEO plugin. -->","yoast_head_json":{"title":"Sobre nosotros | Enfoque disciplinado en energ\u00eda \u2013 Eco Integrated Solutions","description":"Empresa energ\u00e9tica con sede en Costa Rica, enfocada en sistemas confiables y bien dise\u00f1ados, respaldados por ingenier\u00eda disciplinada y experiencia pr\u00e1ctica en campo.","robots":{"index":"index","follow":"follow","max-snippet":"max-snippet:-1","max-image-preview":"max-image-preview:large","max-video-preview":"max-video-preview:-1"},"canonical":"https:\/\/ecointegratedsolutions.com\/es\/sobre-nosotros\/","og_locale":"es_ES","og_type":"article","og_title":"Sobre nosotros | Enfoque disciplinado en energ\u00eda \u2013 Eco Integrated Solutions","og_description":"Empresa energ\u00e9tica con sede en Costa Rica, enfocada en sistemas confiables y bien dise\u00f1ados, respaldados por ingenier\u00eda disciplinada y experiencia pr\u00e1ctica en campo.","og_url":"https:\/\/ecointegratedsolutions.com\/es\/sobre-nosotros\/","og_site_name":"Eco Integrated Solutions","article_publisher":"https:\/\/www.facebook.com\/profile.php?id=61585782723969","article_modified_time":"2026-01-12T22:15:36+00:00","og_image":[{"width":1535,"height":473,"url":"https:\/\/ecointegratedsolutions.com\/wp-content\/uploads\/2025\/12\/B3-04-edited-1.jpg","type":"image\/jpeg"}],"twitter_card":"summary_large_image","twitter_misc":{"Est. reading time":"4 minutos"},"schema":{"@context":"https:\/\/schema.org","@graph":[{"@type":"WebPage","@id":"https:\/\/ecointegratedsolutions.com\/es\/sobre-nosotros\/","url":"https:\/\/ecointegratedsolutions.com\/es\/sobre-nosotros\/","name":"Sobre nosotros | Enfoque disciplinado en energ\u00eda \u2013 Eco Integrated Solutions","isPartOf":{"@id":"https:\/\/ecointegratedsolutions.com\/es\/#website"},"primaryImageOfPage":{"@id":"https:\/\/ecointegratedsolutions.com\/es\/sobre-nosotros\/#primaryimage"},"image":{"@id":"https:\/\/ecointegratedsolutions.com\/es\/sobre-nosotros\/#primaryimage"},"thumbnailUrl":"https:\/\/ecointegratedsolutions.com\/wp-content\/uploads\/2025\/12\/B3-04-edited-1-1024x316.jpg","datePublished":"2025-12-31T19:47:22+00:00","dateModified":"2026-01-12T22:15:36+00:00","description":"Empresa energ\u00e9tica con sede en Costa Rica, enfocada en sistemas confiables y bien dise\u00f1ados, respaldados por ingenier\u00eda disciplinada y experiencia pr\u00e1ctica en campo.","breadcrumb":{"@id":"https:\/\/ecointegratedsolutions.com\/es\/sobre-nosotros\/#breadcrumb"},"inLanguage":"es-CR","potentialAction":[{"@type":"ReadAction","target":["https:\/\/ecointegratedsolutions.com\/es\/sobre-nosotros\/"]}]},{"@type":"ImageObject","inLanguage":"es-CR","@id":"https:\/\/ecointegratedsolutions.com\/es\/sobre-nosotros\/#primaryimage","url":"https:\/\/ecointegratedsolutions.com\/wp-content\/uploads\/2025\/12\/B3-04-edited-1-1024x316.jpg","contentUrl":"https:\/\/ecointegratedsolutions.com\/wp-content\/uploads\/2025\/12\/B3-04-edited-1-1024x316.jpg"},{"@type":"BreadcrumbList","@id":"https:\/\/ecointegratedsolutions.com\/es\/sobre-nosotros\/#breadcrumb","itemListElement":[{"@type":"ListItem","position":1,"name":"Home","item":"https:\/\/ecointegratedsolutions.com\/es\/inicio\/"},{"@type":"ListItem","position":2,"name":"Sobre Nosotros"}]},{"@type":"WebSite","@id":"https:\/\/ecointegratedsolutions.com\/es\/#website","url":"https:\/\/ecointegratedsolutions.com\/es\/","name":"Eco Integrated Solutions","description":"Solar energy solutions for homes and businesses in Costa Rica.","publisher":{"@id":"https:\/\/ecointegratedsolutions.com\/es\/#organization"},"potentialAction":[{"@type":"SearchAction","target":{"@type":"EntryPoint","urlTemplate":"https:\/\/ecointegratedsolutions.com\/es\/?s={search_term_string}"},"query-input":{"@type":"PropertyValueSpecification","valueRequired":true,"valueName":"search_term_string"}}],"inLanguage":"es-CR"},{"@type":"Organization","@id":"https:\/\/ecointegratedsolutions.com\/es\/#organization","name":"Eco Integrated Solutions","url":"https:\/\/ecointegratedsolutions.com\/es\/","logo":{"@type":"ImageObject","inLanguage":"es-CR","@id":"https:\/\/ecointegratedsolutions.com\/es\/#\/schema\/logo\/image\/","url":"https:\/\/ecointegratedsolutions.com\/wp-content\/uploads\/2025\/12\/Horizontal-Color-1.png","contentUrl":"https:\/\/ecointegratedsolutions.com\/wp-content\/uploads\/2025\/12\/Horizontal-Color-1.png","width":500,"height":500,"caption":"Eco Integrated Solutions"},"image":{"@id":"https:\/\/ecointegratedsolutions.com\/es\/#\/schema\/logo\/image\/"},"sameAs":["https:\/\/www.facebook.com\/profile.php?id=61585782723969"]}]}},"_links":{"self":[{"href":"https:\/\/ecointegratedsolutions.com\/es\/wp-json\/wp\/v2\/pages\/806","targetHints":{"allow":["GET"]}}],"collection":[{"href":"https:\/\/ecointegratedsolutions.com\/es\/wp-json\/wp\/v2\/pages"}],"about":[{"href":"https:\/\/ecointegratedsolutions.com\/es\/wp-json\/wp\/v2\/types\/page"}],"author":[{"embeddable":true,"href":"https:\/\/ecointegratedsolutions.com\/es\/wp-json\/wp\/v2\/users\/1"}],"replies":[{"embeddable":true,"href":"https:\/\/ecointegratedsolutions.com\/es\/wp-json\/wp\/v2\/comments?post=806"}],"version-history":[{"count":25,"href":"https:\/\/ecointegratedsolutions.com\/es\/wp-json\/wp\/v2\/pages\/806\/revisions"}],"predecessor-version":[{"id":1044,"href":"https:\/\/ecointegratedsolutions.com\/es\/wp-json\/wp\/v2\/pages\/806\/revisions\/1044"}],"wp:attachment":[{"href":"https:\/\/ecointegratedsolutions.com\/es\/wp-json\/wp\/v2\/media?parent=806"}],"curies":[{"name":"wp","href":"https:\/\/api.w.org\/{rel}","templated":true}]}}