{"id":805,"date":"2025-12-31T19:46:51","date_gmt":"2025-12-31T19:46:51","guid":{"rendered":"https:\/\/ecointegratedsolutions.com\/?page_id=805"},"modified":"2025-12-31T22:24:18","modified_gmt":"2025-12-31T22:24:18","slug":"contacto","status":"publish","type":"page","link":"https:\/\/ecointegratedsolutions.com\/es\/contacto\/","title":{"rendered":"Contacto"},"content":{"rendered":"<div class=\"wp-block-group is-layout-constrained wp-block-group-is-layout-constrained\">\n<div class=\"wp-block-group is-layout-constrained wp-block-group-is-layout-constrained\" style=\"padding-top:20px\">\n<h1 class=\"wp-block-heading has-palette-color-1-color has-text-color has-link-color wp-elements-773c263d47f4f8b333286ec0f8ec60d5\">P\u00f3ngase en contacto<\/h1>\n\n\n\n<p style=\"padding-top:10px;padding-bottom:20px\">Ya sea que est\u00e9 explorando un nuevo sistema energ\u00e9tico, necesite soporte para una instalaci\u00f3n existente o tenga una consulta general, estamos aqu\u00ed para ayudarle. Utilice las opciones a continuaci\u00f3n para comunicarse con el equipo adecuado y comenzar.<\/p>\n<\/div>\n<\/div>\n\n\n\n<div class=\"wp-block-group is-layout-constrained wp-block-group-is-layout-constrained\" style=\"padding-bottom:var(--wp--preset--spacing--80)\">\n<div class=\"wp-block-group is-layout-constrained wp-block-group-is-layout-constrained\">\n<div class=\"wp-block-columns is-layout-flex wp-container-core-columns-is-layout-28f84493 wp-block-columns-is-layout-flex\">\n<div class=\"wp-block-column is-layout-flow wp-block-column-is-layout-flow\">\n<div class=\"wp-block-group contact-card has-border-color has-palette-color-12-border-color has-palette-color-11-background-color has-background is-layout-constrained wp-container-core-group-is-layout-95339512 wp-block-group-is-layout-constrained\" style=\"border-width:1px;border-top-left-radius:12px;border-top-right-radius:12px;border-bottom-left-radius:12px;border-bottom-right-radius:12px;padding-top:24px;padding-right:24px;padding-bottom:24px;padding-left:24px\">\n<svg width=\"32\" height=\"32\" viewbox=\"0 0 24 24\" fill=\"none\"\n     xmlns=\"http:\/\/www.w3.org\/2000\/svg\" stroke=\"currentColor\" stroke-width=\"1.8\"\n     stroke-linecap=\"round\" stroke-linejoin=\"round\">\n  <rect x=\"3\" y=\"2\" width=\"18\" height=\"20\" rx=\"2\" ry=\"2\"\/>\n  <line x1=\"8\" y1=\"6\" x2=\"16\" y2=\"6\"\/>\n  <line x1=\"8\" y1=\"10\" x2=\"8\" y2=\"10\"\/>\n  <line x1=\"12\" y1=\"10\" x2=\"12\" y2=\"10\"\/>\n  <line x1=\"16\" y1=\"10\" x2=\"16\" y2=\"10\"\/>\n  <line x1=\"8\" y1=\"14\" x2=\"8\" y2=\"14\"\/>\n  <line x1=\"12\" y1=\"14\" x2=\"12\" y2=\"14\"\/>\n  <line x1=\"16\" y1=\"14\" x2=\"16\" y2=\"14\"\/>\n<\/svg>\n\n\n\n<h3 class=\"wp-block-heading has-text-align-center\" style=\"margin-top:-15px\">Cotizaciones y proyectos<\/h3>\n\n\n\n<p class=\"has-text-align-center\">Si est\u00e1 planificando una soluci\u00f3n energ\u00e9tica para su hogar o negocio en Costa Rica, comience aqu\u00ed. Revisaremos sus objetivos, su consumo y los detalles del sitio, y luego le guiaremos a trav\u00e9s de los siguientes pasos.<\/p>\n\n\n\n<div class=\"wp-block-buttons is-content-justification-center is-layout-flex wp-container-core-buttons-is-layout-a89b3969 wp-block-buttons-is-layout-flex\">\n<div class=\"wp-block-button\"><a class=\"wp-block-button__link wp-element-button\" href=\"https:\/\/forms.zohopublic.com\/ecointegratedsolutions6531\/form\/EstimateNewSystemES\/formperma\/PqB9O9VlRoueUSCUaI7tv36YarFe6L3PJoB0lxaqLwk\">Iniciar una cotizaci\u00f3n<\/a><\/div>\n<\/div>\n<\/div>\n<\/div>\n\n\n\n<div class=\"wp-block-column is-layout-flow wp-block-column-is-layout-flow\">\n<div class=\"wp-block-group contact-card has-border-color has-palette-color-11-background-color has-background is-layout-constrained wp-container-core-group-is-layout-95339512 wp-block-group-is-layout-constrained\" style=\"border-color:var(--theme-palette-color-12, #343A3F);border-width:1px;border-top-left-radius:12px;border-top-right-radius:12px;border-bottom-left-radius:12px;border-bottom-right-radius:12px;padding-top:24px;padding-right:24px;padding-bottom:24px;padding-left:24px\">\n<svg width=\"32\" height=\"32\" viewbox=\"0 0 24 24\" fill=\"none\"\n     xmlns=\"http:\/\/www.w3.org\/2000\/svg\" stroke=\"currentColor\" stroke-width=\"1.8\"\n     stroke-linecap=\"round\" stroke-linejoin=\"round\">\n  <path d=\"M14.7 6.3a4 4 0 0 0-5.4 5.4l-6 6 1.4 1.4 6-6a4 4 0 0 0 5.4-5.4z\"\/>\n<\/svg>\n\n\n\n<h3 class=\"wp-block-heading has-text-align-center\" style=\"margin-top:-15px\">Servicio y soporte<\/h3>\n\n\n\n<p class=\"has-text-align-center\">Para consultas sobre un sistema existente, mantenimiento o necesidades de servicio, nuestro equipo de soporte est\u00e1 listo para asistirle.<\/p>\n\n\n\n<div class=\"wp-block-buttons is-content-justification-center is-layout-flex wp-container-core-buttons-is-layout-a89b3969 wp-block-buttons-is-layout-flex\">\n<div class=\"wp-block-button\"><a class=\"wp-block-button__link has-text-align-center wp-element-button\" href=\"https:\/\/forms.zohopublic.com\/ecointegratedsolutions6531\/form\/ServiceEvaluationExistingSystemES\/formperma\/YDiNYsKRZEu5jXodZZV6D8ttm90ZOPSwQYWLbw46kTk\">Solicitar soporte<\/a><\/div>\n<\/div>\n<\/div>\n<\/div>\n\n\n\n<div class=\"wp-block-column is-layout-flow wp-block-column-is-layout-flow\">\n<div class=\"wp-block-group contact-card has-border-color has-palette-color-12-border-color has-palette-color-11-background-color has-background is-layout-constrained wp-container-core-group-is-layout-95339512 wp-block-group-is-layout-constrained\" style=\"border-width:1px;border-top-left-radius:12px;border-top-right-radius:12px;border-bottom-left-radius:12px;border-bottom-right-radius:12px;padding-top:24px;padding-right:24px;padding-bottom:24px;padding-left:24px\">\n<svg width=\"32\" height=\"32\" viewbox=\"0 0 24 24\" fill=\"none\"\n     xmlns=\"http:\/\/www.w3.org\/2000\/svg\" stroke=\"currentColor\" stroke-width=\"1.8\"\n     stroke-linecap=\"round\" stroke-linejoin=\"round\">\n  <rect x=\"2\" y=\"4\" width=\"20\" height=\"16\" rx=\"2\" ry=\"2\"\/>\n  <polyline points=\"22,6 12,13 2,6\"\/>\n<\/svg>\n\n\n\n<h3 class=\"wp-block-heading has-text-align-center\" style=\"margin-top:-15px\">Consultas generales<\/h3>\n\n\n\n<p class=\"has-text-align-center\">Para alianzas, consultas generales o solicitudes que no est\u00e9n relacionadas con servicios, no dude en contactarnos aqu\u00ed.<\/p>\n\n\n\n<div class=\"wp-block-buttons is-content-justification-center is-layout-flex wp-container-core-buttons-is-layout-a89b3969 wp-block-buttons-is-layout-flex\">\n<div class=\"wp-block-button\"><a class=\"wp-block-button__link wp-element-button\" href=\"https:\/\/forms.zohopublic.com\/ecointegratedsolutions6531\/form\/GeneralInquiryES\/formperma\/vnx_BlU6sAEN5bVQzruRla8j4o9YpqW7HISS0aOxZ_w\">Enviar un mensaje<\/a><\/div>\n<\/div>\n<\/div>\n\n\n\n<div style=\"height:40px\" aria-hidden=\"true\" class=\"wp-block-spacer\"><\/div>\n<\/div>\n<\/div>\n<\/div>\n<\/div>","protected":false},"excerpt":{"rendered":"<p>P\u00f3ngase en contacto Ya sea que est\u00e9 explorando un nuevo sistema energ\u00e9tico, necesite soporte para una instalaci\u00f3n existente o tenga una consulta general, estamos aqu\u00ed para ayudarle. Utilice las opciones a continuaci\u00f3n para comunicarse con el equipo adecuado y comenzar. Cotizaciones y proyectos Si est\u00e1 planificando una soluci\u00f3n energ\u00e9tica para su hogar o negocio en [&hellip;]<\/p>","protected":false},"author":1,"featured_media":0,"parent":0,"menu_order":0,"comment_status":"closed","ping_status":"closed","template":"","meta":{"footnotes":""},"class_list":["post-805","page","type-page","status-publish","hentry"],"blocksy_meta":[],"yoast_head":"<!-- This site is optimized with the Yoast SEO plugin v26.6 - https:\/\/yoast.com\/wordpress\/plugins\/seo\/ -->\n<title>Contacto | Cotizaciones, soporte y consultas \u2013 Eco Integrated Solutions<\/title>\n<meta name=\"description\" content=\"Cont\u00e1ctenos para cotizaciones de sistemas energ\u00e9ticos, soporte t\u00e9cnico o consultas generales. Atendemos proyectos residenciales y comerciales en Costa Rica.\" \/>\n<meta name=\"robots\" content=\"index, follow, max-snippet:-1, max-image-preview:large, max-video-preview:-1\" \/>\n<link rel=\"canonical\" href=\"https:\/\/ecointegratedsolutions.com\/es\/contacto\/\" \/>\n<meta property=\"og:locale\" content=\"es_ES\" \/>\n<meta property=\"og:type\" content=\"article\" \/>\n<meta property=\"og:title\" content=\"Contacto | Cotizaciones, soporte y consultas \u2013 Eco Integrated Solutions\" \/>\n<meta property=\"og:description\" content=\"Cont\u00e1ctenos para cotizaciones de sistemas energ\u00e9ticos, soporte t\u00e9cnico o consultas generales. Atendemos proyectos residenciales y comerciales en Costa Rica.\" \/>\n<meta property=\"og:url\" content=\"https:\/\/ecointegratedsolutions.com\/es\/contacto\/\" \/>\n<meta property=\"og:site_name\" content=\"Eco Integrated Solutions\" \/>\n<meta property=\"article:publisher\" content=\"https:\/\/www.facebook.com\/profile.php?id=61585782723969\" \/>\n<meta property=\"article:modified_time\" content=\"2025-12-31T22:24:18+00:00\" \/>\n<meta name=\"twitter:card\" content=\"summary_large_image\" \/>\n<meta name=\"twitter:label1\" content=\"Est. reading time\" \/>\n\t<meta name=\"twitter:data1\" content=\"1 minuto\" \/>\n<script type=\"application\/ld+json\" class=\"yoast-schema-graph\">{\"@context\":\"https:\/\/schema.org\",\"@graph\":[{\"@type\":\"WebPage\",\"@id\":\"https:\/\/ecointegratedsolutions.com\/es\/contacto\/\",\"url\":\"https:\/\/ecointegratedsolutions.com\/es\/contacto\/\",\"name\":\"Contacto | Cotizaciones, soporte y consultas \u2013 Eco Integrated Solutions\",\"isPartOf\":{\"@id\":\"https:\/\/ecointegratedsolutions.com\/es\/#website\"},\"datePublished\":\"2025-12-31T19:46:51+00:00\",\"dateModified\":\"2025-12-31T22:24:18+00:00\",\"description\":\"Cont\u00e1ctenos para cotizaciones de sistemas energ\u00e9ticos, soporte t\u00e9cnico o consultas generales. Atendemos proyectos residenciales y comerciales en Costa Rica.\",\"breadcrumb\":{\"@id\":\"https:\/\/ecointegratedsolutions.com\/es\/contacto\/#breadcrumb\"},\"inLanguage\":\"es-CR\",\"potentialAction\":[{\"@type\":\"ReadAction\",\"target\":[\"https:\/\/ecointegratedsolutions.com\/es\/contacto\/\"]}]},{\"@type\":\"BreadcrumbList\",\"@id\":\"https:\/\/ecointegratedsolutions.com\/es\/contacto\/#breadcrumb\",\"itemListElement\":[{\"@type\":\"ListItem\",\"position\":1,\"name\":\"Home\",\"item\":\"https:\/\/ecointegratedsolutions.com\/es\/inicio\/\"},{\"@type\":\"ListItem\",\"position\":2,\"name\":\"Contacto\"}]},{\"@type\":\"WebSite\",\"@id\":\"https:\/\/ecointegratedsolutions.com\/es\/#website\",\"url\":\"https:\/\/ecointegratedsolutions.com\/es\/\",\"name\":\"Eco Integrated Solutions\",\"description\":\"Solar energy solutions for homes and businesses in Costa Rica.\",\"publisher\":{\"@id\":\"https:\/\/ecointegratedsolutions.com\/es\/#organization\"},\"potentialAction\":[{\"@type\":\"SearchAction\",\"target\":{\"@type\":\"EntryPoint\",\"urlTemplate\":\"https:\/\/ecointegratedsolutions.com\/es\/?s={search_term_string}\"},\"query-input\":{\"@type\":\"PropertyValueSpecification\",\"valueRequired\":true,\"valueName\":\"search_term_string\"}}],\"inLanguage\":\"es-CR\"},{\"@type\":\"Organization\",\"@id\":\"https:\/\/ecointegratedsolutions.com\/es\/#organization\",\"name\":\"Eco Integrated Solutions\",\"url\":\"https:\/\/ecointegratedsolutions.com\/es\/\",\"logo\":{\"@type\":\"ImageObject\",\"inLanguage\":\"es-CR\",\"@id\":\"https:\/\/ecointegratedsolutions.com\/es\/#\/schema\/logo\/image\/\",\"url\":\"https:\/\/ecointegratedsolutions.com\/wp-content\/uploads\/2025\/12\/Horizontal-Color-1.png\",\"contentUrl\":\"https:\/\/ecointegratedsolutions.com\/wp-content\/uploads\/2025\/12\/Horizontal-Color-1.png\",\"width\":500,\"height\":500,\"caption\":\"Eco Integrated Solutions\"},\"image\":{\"@id\":\"https:\/\/ecointegratedsolutions.com\/es\/#\/schema\/logo\/image\/\"},\"sameAs\":[\"https:\/\/www.facebook.com\/profile.php?id=61585782723969\"]}]}<\/script>\n<!-- \/ Yoast SEO plugin. -->","yoast_head_json":{"title":"Contacto | Cotizaciones, soporte y consultas \u2013 Eco Integrated Solutions","description":"Cont\u00e1ctenos para cotizaciones de sistemas energ\u00e9ticos, soporte t\u00e9cnico o consultas generales. Atendemos proyectos residenciales y comerciales en Costa Rica.","robots":{"index":"index","follow":"follow","max-snippet":"max-snippet:-1","max-image-preview":"max-image-preview:large","max-video-preview":"max-video-preview:-1"},"canonical":"https:\/\/ecointegratedsolutions.com\/es\/contacto\/","og_locale":"es_ES","og_type":"article","og_title":"Contacto | Cotizaciones, soporte y consultas \u2013 Eco Integrated Solutions","og_description":"Cont\u00e1ctenos para cotizaciones de sistemas energ\u00e9ticos, soporte t\u00e9cnico o consultas generales. Atendemos proyectos residenciales y comerciales en Costa Rica.","og_url":"https:\/\/ecointegratedsolutions.com\/es\/contacto\/","og_site_name":"Eco Integrated Solutions","article_publisher":"https:\/\/www.facebook.com\/profile.php?id=61585782723969","article_modified_time":"2025-12-31T22:24:18+00:00","twitter_card":"summary_large_image","twitter_misc":{"Est. reading time":"1 minuto"},"schema":{"@context":"https:\/\/schema.org","@graph":[{"@type":"WebPage","@id":"https:\/\/ecointegratedsolutions.com\/es\/contacto\/","url":"https:\/\/ecointegratedsolutions.com\/es\/contacto\/","name":"Contacto | Cotizaciones, soporte y consultas \u2013 Eco Integrated Solutions","isPartOf":{"@id":"https:\/\/ecointegratedsolutions.com\/es\/#website"},"datePublished":"2025-12-31T19:46:51+00:00","dateModified":"2025-12-31T22:24:18+00:00","description":"Cont\u00e1ctenos para cotizaciones de sistemas energ\u00e9ticos, soporte t\u00e9cnico o consultas generales. Atendemos proyectos residenciales y comerciales en Costa Rica.","breadcrumb":{"@id":"https:\/\/ecointegratedsolutions.com\/es\/contacto\/#breadcrumb"},"inLanguage":"es-CR","potentialAction":[{"@type":"ReadAction","target":["https:\/\/ecointegratedsolutions.com\/es\/contacto\/"]}]},{"@type":"BreadcrumbList","@id":"https:\/\/ecointegratedsolutions.com\/es\/contacto\/#breadcrumb","itemListElement":[{"@type":"ListItem","position":1,"name":"Home","item":"https:\/\/ecointegratedsolutions.com\/es\/inicio\/"},{"@type":"ListItem","position":2,"name":"Contacto"}]},{"@type":"WebSite","@id":"https:\/\/ecointegratedsolutions.com\/es\/#website","url":"https:\/\/ecointegratedsolutions.com\/es\/","name":"Eco Integrated Solutions","description":"Solar energy solutions for homes and businesses in Costa Rica.","publisher":{"@id":"https:\/\/ecointegratedsolutions.com\/es\/#organization"},"potentialAction":[{"@type":"SearchAction","target":{"@type":"EntryPoint","urlTemplate":"https:\/\/ecointegratedsolutions.com\/es\/?s={search_term_string}"},"query-input":{"@type":"PropertyValueSpecification","valueRequired":true,"valueName":"search_term_string"}}],"inLanguage":"es-CR"},{"@type":"Organization","@id":"https:\/\/ecointegratedsolutions.com\/es\/#organization","name":"Eco Integrated Solutions","url":"https:\/\/ecointegratedsolutions.com\/es\/","logo":{"@type":"ImageObject","inLanguage":"es-CR","@id":"https:\/\/ecointegratedsolutions.com\/es\/#\/schema\/logo\/image\/","url":"https:\/\/ecointegratedsolutions.com\/wp-content\/uploads\/2025\/12\/Horizontal-Color-1.png","contentUrl":"https:\/\/ecointegratedsolutions.com\/wp-content\/uploads\/2025\/12\/Horizontal-Color-1.png","width":500,"height":500,"caption":"Eco Integrated Solutions"},"image":{"@id":"https:\/\/ecointegratedsolutions.com\/es\/#\/schema\/logo\/image\/"},"sameAs":["https:\/\/www.facebook.com\/profile.php?id=61585782723969"]}]}},"_links":{"self":[{"href":"https:\/\/ecointegratedsolutions.com\/es\/wp-json\/wp\/v2\/pages\/805","targetHints":{"allow":["GET"]}}],"collection":[{"href":"https:\/\/ecointegratedsolutions.com\/es\/wp-json\/wp\/v2\/pages"}],"about":[{"href":"https:\/\/ecointegratedsolutions.com\/es\/wp-json\/wp\/v2\/types\/page"}],"author":[{"embeddable":true,"href":"https:\/\/ecointegratedsolutions.com\/es\/wp-json\/wp\/v2\/users\/1"}],"replies":[{"embeddable":true,"href":"https:\/\/ecointegratedsolutions.com\/es\/wp-json\/wp\/v2\/comments?post=805"}],"version-history":[{"count":7,"href":"https:\/\/ecointegratedsolutions.com\/es\/wp-json\/wp\/v2\/pages\/805\/revisions"}],"predecessor-version":[{"id":878,"href":"https:\/\/ecointegratedsolutions.com\/es\/wp-json\/wp\/v2\/pages\/805\/revisions\/878"}],"wp:attachment":[{"href":"https:\/\/ecointegratedsolutions.com\/es\/wp-json\/wp\/v2\/media?parent=805"}],"curies":[{"name":"wp","href":"https:\/\/api.w.org\/{rel}","templated":true}]}}